{"id":1000,"date":"2018-06-18T17:58:27","date_gmt":"2018-06-18T17:58:27","guid":{"rendered":"http:\/\/delpinopropiedades.cl\/index\/?page_id=1000"},"modified":"2023-01-29T21:11:50","modified_gmt":"2023-01-29T21:11:50","slug":"arriendo-ano-corrido","status":"publish","type":"page","link":"https:\/\/delpinopropiedades.cl\/index\/arriendo-ano-corrido\/","title":{"rendered":"Arriendo a\u00f1o corrido"},"content":{"rendered":"    <div data-search-form-selector='.js-es-search:not(.es-search--ignore-ajax)'>\n\n<div class=\"es-properties js-es-properties js-es-entities-wrap es-properties--hfm--full-width\">\n    \n    <div class=\"es-properties__list\">\n\t    \n<div class=\"es-listings__wrap-inner js-es-listings__wrap-inner js-es-entities__wrap_inner et_smooth_scroll_disabled\">\n    \n    <div data-entity=\"listings\" class=\"js-es-listings js-es-entities es-listings es-listings--grid-2\" data-layout=\"es-listings--grid-2\" data-hash=\"bGF5b3V0PWdyaWQtMiZwb3N0c19wZXJfcGFnZT05JmRpc2FibGVfbmF2YmFyPTAmc2hvd19zb3J0PTEmc2hvd190b3RhbD0xJnNob3dfcGFnZV90aXRsZT0xJnNob3dfbGF5b3V0cz0xJnNvcnQ9b2xkZXN0JmxpbWl0PTAmbG9vcF91aWQ9MSZwYWdlX3RpdGxlPUFycmllbmRvIGHDsW8gY29ycmlkbyZpZ25vcmVfc2VhcmNoPTAmc2VhcmNoX2Zvcm1fc2VsZWN0b3I9LmpzLWVzLXNlYXJjaDpub3QoLmVzLXNlYXJjaC0taWdub3JlLWFqYXgpJmVuYWJsZV9zZWFyY2g9MCZzZWFyY2hfdHlwZT1zaW1wbGUmZW5hYmxlX2FqYXg9MSZ2aWV3X2FsbF9saW5rX25hbWU9VmVyIHRvZG8mZGlzYWJsZV9wYWdpbmF0aW9uPTAmd2lzaGxpc3RfY29uZmlybT0wJmhmbV9mdWxsX3dpZHRoPTEmX2lnbm9yZV9jb29yZGluYXRlcz0wJmZpZWxkc19kZWxpbWl0ZXI9LCZzdHJpY3RfYWRkcmVzcz0wJmVzX2NhdGVnb3J5PTgz\">\n            <\/div>\n\t        <div class=\"es-no-found-posts\">\n\t<h2 class=\"es-no-found-posts__title heading-font\">No hay resultados\n<\/h2>\n\t<p class=\"content-font\">Ajuste su b\u00fasqueda cambiando los filtros.\n<\/p>\n    <\/div>\n        <div class='es-powered content-font'>Powered by <a target='_blank' href='https:\/\/estatik.net'>Estatik<\/a><\/div><\/div>\n    <\/div>\n    <div class=\"js-es-properties__map es-properties__map \">\n\t        <div class=\"es-map-error content-font\">\n        \u00a1UPS! Esta p\u00e1gina no carg\u00f3 Google Maps correctamente. P\u00f3ngase en contacto con el administrador para solucionar este problema.    <\/div>\n    <\/div>\n<\/div>\n\n    <\/div>\n\n","protected":false},"excerpt":{"rendered":"","protected":false},"author":1,"featured_media":0,"parent":0,"menu_order":0,"comment_status":"closed","ping_status":"closed","template":"","meta":{"footnotes":""},"class_list":["post-1000","page","type-page","status-publish","hentry"],"_links":{"self":[{"href":"https:\/\/delpinopropiedades.cl\/index\/wp-json\/wp\/v2\/pages\/1000","targetHints":{"allow":["GET"]}}],"collection":[{"href":"https:\/\/delpinopropiedades.cl\/index\/wp-json\/wp\/v2\/pages"}],"about":[{"href":"https:\/\/delpinopropiedades.cl\/index\/wp-json\/wp\/v2\/types\/page"}],"author":[{"embeddable":true,"href":"https:\/\/delpinopropiedades.cl\/index\/wp-json\/wp\/v2\/users\/1"}],"replies":[{"embeddable":true,"href":"https:\/\/delpinopropiedades.cl\/index\/wp-json\/wp\/v2\/comments?post=1000"}],"version-history":[{"count":8,"href":"https:\/\/delpinopropiedades.cl\/index\/wp-json\/wp\/v2\/pages\/1000\/revisions"}],"predecessor-version":[{"id":5829,"href":"https:\/\/delpinopropiedades.cl\/index\/wp-json\/wp\/v2\/pages\/1000\/revisions\/5829"}],"wp:attachment":[{"href":"https:\/\/delpinopropiedades.cl\/index\/wp-json\/wp\/v2\/media?parent=1000"}],"curies":[{"name":"wp","href":"https:\/\/api.w.org\/{rel}","templated":true}]}}