{"id":30,"date":"2018-05-18T18:33:03","date_gmt":"2018-05-18T18:33:03","guid":{"rendered":"http:\/\/delpinopropiedades.cl\/index\/?page_id=30"},"modified":"2018-07-24T20:15:33","modified_gmt":"2018-07-24T20:15:33","slug":"somos","status":"publish","type":"page","link":"https:\/\/delpinopropiedades.cl\/index\/somos\/","title":{"rendered":"Nosotros"},"content":{"rendered":"<p>El Recurso Humano de la Empresa Del Pino Propiedades est\u00e1 constituido por:<\/p>\n<p><strong><img loading=\"lazy\" decoding=\"async\" class=\"size-full wp-image-1026 alignleft\" src=\"http:\/\/delpinopropiedades.cl\/index\/wp-content\/uploads\/2018\/06\/hector-delpino.png\" alt=\"\" width=\"200\" height=\"181\" \/><\/strong><\/p>\n<p>&nbsp;<\/p>\n<p><strong>H\u00e9ctor Ulises Del Pino Arriagada:<\/strong><br \/>\nCorredor de Propiedades Asociado a COPROCH Registro N\u00ba 1023.<br \/>\nDue\u00f1o de DELPINOPROPIEDADES.<br \/>\n<strong>Tel\u00e9fonos:<\/strong> +56322979690 +56993359247<br \/>\n<strong>E-mail:<\/strong> hector@delpinopropiedades.cl<\/p>\n<p>&nbsp;<\/p>\n<p>&nbsp;<\/p>\n<p><strong><img loading=\"lazy\" decoding=\"async\" class=\"wp-image-1291 size-full alignleft\" src=\"http:\/\/delpinopropiedades.cl\/index\/wp-content\/uploads\/2018\/07\/fotogabriel2.png\" alt=\"\" width=\"200\" height=\"181\" \/><\/strong><\/p>\n<p>&nbsp;<\/p>\n<p><strong>H\u00e9ctor\u00a0 Gabriel Del Pino Ponce:<\/strong><br \/>\nIngeniero de la Universidad T\u00e9cnica Federico Santa Mar\u00eda.<br \/>\nEncargado de Reservas, adem\u00e1s del contacto y mantenci\u00f3n de nuestra cartera de clientes.<br \/>\n<strong>Tel\u00e9fono:<\/strong> +56992324564<br \/>\n<strong>Email:<\/strong> reservas@delpinopropiedades.cl<\/p>\n<p>&nbsp;<\/p>\n<p>&nbsp;<\/p>\n<p><strong><img loading=\"lazy\" decoding=\"async\" class=\"size-full wp-image-1235 alignleft\" src=\"http:\/\/delpinopropiedades.cl\/index\/wp-content\/uploads\/2018\/07\/fotoshija.png\" alt=\"\" width=\"200\" height=\"181\" \/><\/strong><\/p>\n<p>&nbsp;<\/p>\n<p><strong>J\u00e9ssica Paola Del Pino Ponce:<\/strong><br \/>\nIngeniero Ambiental de la Universidad de Vi\u00f1a Del Mar.<br \/>\nEncargada del \u00e1rea de recepci\u00f3n, an\u00e1lisis y coordinaci\u00f3n de los inmuebles que maneja Del Pino Propiedades.<br \/>\n<strong>Tel\u00e9fono:<\/strong> +56993997451<br \/>\n<strong>E-mail:<\/strong> jessicadelpino@hotmail.cl<\/p>\n<p>&nbsp;<\/p>\n<p>&nbsp;<\/p>\n<p><strong><img loading=\"lazy\" decoding=\"async\" class=\"size-full wp-image-1237 alignleft\" src=\"http:\/\/delpinopropiedades.cl\/index\/wp-content\/uploads\/2018\/07\/fotosangel.png\" alt=\"\" width=\"200\" height=\"181\" \/><\/strong><\/p>\n<p>&nbsp;<\/p>\n<p><strong>\u00c1ngel Hern\u00e1ndez Mu\u00f1oz:<\/strong><br \/>\nAbogado y Asesor legal de la Empresa Delpinopropiedades.<br \/>\n<strong>Tel\u00e9fono:<\/strong> +56322979690<\/p>\n","protected":false},"excerpt":{"rendered":"<p>El Recurso Humano de la Empresa Del Pino Propiedades est\u00e1 constituido por: &nbsp; H\u00e9ctor Ulises Del Pino Arriagada: Corredor de Propiedades Asociado a COPROCH Registro N\u00ba 1023. Due\u00f1o de DELPINOPROPIEDADES. Tel\u00e9fonos: +56322979690 +56993359247 E-mail: hector@delpinopropiedades.cl &nbsp; &nbsp; &nbsp; H\u00e9ctor\u00a0 Gabriel Del Pino Ponce: Ingeniero de la Universidad T\u00e9cnica Federico Santa Mar\u00eda. Encargado de Reservas, adem\u00e1s [&hellip;]<\/p>\n","protected":false},"author":1,"featured_media":0,"parent":0,"menu_order":0,"comment_status":"closed","ping_status":"closed","template":"template-left-sidebar.php","meta":{"footnotes":""},"class_list":["post-30","page","type-page","status-publish","hentry"],"_links":{"self":[{"href":"https:\/\/delpinopropiedades.cl\/index\/wp-json\/wp\/v2\/pages\/30","targetHints":{"allow":["GET"]}}],"collection":[{"href":"https:\/\/delpinopropiedades.cl\/index\/wp-json\/wp\/v2\/pages"}],"about":[{"href":"https:\/\/delpinopropiedades.cl\/index\/wp-json\/wp\/v2\/types\/page"}],"author":[{"embeddable":true,"href":"https:\/\/delpinopropiedades.cl\/index\/wp-json\/wp\/v2\/users\/1"}],"replies":[{"embeddable":true,"href":"https:\/\/delpinopropiedades.cl\/index\/wp-json\/wp\/v2\/comments?post=30"}],"version-history":[{"count":25,"href":"https:\/\/delpinopropiedades.cl\/index\/wp-json\/wp\/v2\/pages\/30\/revisions"}],"predecessor-version":[{"id":1482,"href":"https:\/\/delpinopropiedades.cl\/index\/wp-json\/wp\/v2\/pages\/30\/revisions\/1482"}],"wp:attachment":[{"href":"https:\/\/delpinopropiedades.cl\/index\/wp-json\/wp\/v2\/media?parent=30"}],"curies":[{"name":"wp","href":"https:\/\/api.w.org\/{rel}","templated":true}]}}